{"id":820,"date":"2026-03-29T08:27:51","date_gmt":"2026-03-29T06:27:51","guid":{"rendered":"https:\/\/www.maat-formations.com\/?page_id=820"},"modified":"2026-03-31T07:18:32","modified_gmt":"2026-03-31T05:18:32","slug":"our-story","status":"publish","type":"page","link":"https:\/\/www.maat-formations.com\/","title":{"rendered":"HP TEMPO"},"content":{"rendered":"\t\t<div data-elementor-type=\"wp-page\" data-elementor-id=\"820\" class=\"elementor elementor-820\" data-elementor-post-type=\"page\">\n\t\t\t\t<div class=\"elementor-element elementor-element-47a8853c e-con-full e-flex e-con e-parent\" data-id=\"47a8853c\" data-element_type=\"container\" data-e-type=\"container\">\n\t\t<div class=\"elementor-element elementor-element-17565af1 e-con-full e-flex e-con e-child\" data-id=\"17565af1\" data-element_type=\"container\" data-e-type=\"container\" data-settings=\"{&quot;background_background&quot;:&quot;classic&quot;}\">\n\t\t\t\t<div class=\"elementor-element elementor-element-3f7c3c1 elementor-absolute elementor-widget elementor-widget-image\" data-id=\"3f7c3c1\" data-element_type=\"widget\" data-e-type=\"widget\" data-settings=\"{&quot;_position&quot;:&quot;absolute&quot;}\" data-widget_type=\"image.default\">\n\t\t\t\t<div class=\"elementor-widget-container\">\n\t\t\t\t\t\t\t\t\t\t\t\t\t\t\t<img fetchpriority=\"high\" decoding=\"async\" width=\"768\" height=\"500\" src=\"https:\/\/www.maat-formations.com\/wp-content\/uploads\/2026\/03\/group-of-diverse-students-at-daycare-2025-02-10-13-22-41-utc-768x500.jpg\" class=\"attachment-medium_large size-medium_large wp-image-1069\" alt=\"\" srcset=\"https:\/\/www.maat-formations.com\/wp-content\/uploads\/2026\/03\/group-of-diverse-students-at-daycare-2025-02-10-13-22-41-utc-768x500.jpg 768w, https:\/\/www.maat-formations.com\/wp-content\/uploads\/2026\/03\/group-of-diverse-students-at-daycare-2025-02-10-13-22-41-utc-300x195.jpg 300w, https:\/\/www.maat-formations.com\/wp-content\/uploads\/2026\/03\/group-of-diverse-students-at-daycare-2025-02-10-13-22-41-utc-1024x667.jpg 1024w, https:\/\/www.maat-formations.com\/wp-content\/uploads\/2026\/03\/group-of-diverse-students-at-daycare-2025-02-10-13-22-41-utc-1536x1000.jpg 1536w, https:\/\/www.maat-formations.com\/wp-content\/uploads\/2026\/03\/group-of-diverse-students-at-daycare-2025-02-10-13-22-41-utc-2048x1333.jpg 2048w\" sizes=\"(max-width: 768px) 100vw, 768px\" \/>\t\t\t\t\t\t\t\t\t\t\t\t\t\t\t<\/div>\n\t\t\t\t<\/div>\n\t\t\t\t<\/div>\n\t\t<div class=\"elementor-element elementor-element-8734fb e-con-full e-flex e-con e-child\" data-id=\"8734fb\" data-element_type=\"container\" data-e-type=\"container\">\n\t\t\t\t<div class=\"elementor-element elementor-element-3fd0410 elementor-widget elementor-widget-heading\" data-id=\"3fd0410\" data-element_type=\"widget\" data-e-type=\"widget\" data-widget_type=\"heading.default\">\n\t\t\t\t<div class=\"elementor-widget-container\">\n\t\t\t\t\t<h1 class=\"elementor-heading-title elementor-size-default\">MAAT FORMATIONS SE R\u00c9-INVENTE<\/h1>\t\t\t\t<\/div>\n\t\t\t\t<\/div>\n\t\t\t\t<div class=\"elementor-element elementor-element-662ba29b elementor-widget__width-initial elementor-invisible elementor-widget elementor-widget-text-editor\" data-id=\"662ba29b\" data-element_type=\"widget\" data-e-type=\"widget\" data-settings=\"{&quot;_animation&quot;:&quot;fadeIn&quot;,&quot;_animation_delay&quot;:400}\" data-widget_type=\"text-editor.default\">\n\t\t\t\t<div class=\"elementor-widget-container\">\n\t\t\t\t\t\t\t\t\t<p>MAAT Formations est un organisme de formation sp\u00e9cialis\u00e9 dans les m\u00e9tiers de la petite enfance. Nous accompagnons les professionnels, les \u00e9quipes et les structures d&rsquo;accueil dans le d\u00e9veloppement de leurs comp\u00e9tences, en lien direct avec les r\u00e9alit\u00e9s du terrain.<\/p><p>Nos formations s&rsquo;adressent aux professionnels de cr\u00e8che et de MAM, aux assistants maternels, aux relais petite enfance, aux cadres et aux collectivit\u00e9s territoriales engag\u00e9es dans la qualit\u00e9 de l&rsquo;accueil du jeune enfant. Con\u00e7ues par des experts m\u00e9tiers et des formateurs issus du terrain, elles privil\u00e9gient une p\u00e9dagogie participative, ancr\u00e9e dans les situations concr\u00e8tes du quotidien.\u00a0<\/p><p>Notre objectif est simple : soutenir les professionnels pour qu&rsquo;ils puissent, \u00e0 leur tour, accompagner les enfants avec justesse, confiance et engagement.<\/p><p>\u00a0<\/p><p>\u00a0<\/p>\t\t\t\t\t\t\t\t<\/div>\n\t\t\t\t<\/div>\n\t\t\t\t<\/div>\n\t\t\t\t<\/div>\n\t\t<div class=\"elementor-element elementor-element-9a404ae e-flex e-con-boxed e-con e-parent\" data-id=\"9a404ae\" data-element_type=\"container\" data-e-type=\"container\">\n\t\t\t\t\t<div class=\"e-con-inner\">\n\t\t\t\t<div class=\"elementor-element elementor-element-8af24d4 elementor-widget elementor-widget-spacer\" data-id=\"8af24d4\" data-element_type=\"widget\" data-e-type=\"widget\" data-widget_type=\"spacer.default\">\n\t\t\t\t<div class=\"elementor-widget-container\">\n\t\t\t\t\t\t\t<div class=\"elementor-spacer\">\n\t\t\t<div class=\"elementor-spacer-inner\"><\/div>\n\t\t<\/div>\n\t\t\t\t\t\t<\/div>\n\t\t\t\t<\/div>\n\t\t\t\t<div class=\"elementor-element elementor-element-6242aa5 elementor-widget elementor-widget-heading\" data-id=\"6242aa5\" data-element_type=\"widget\" data-e-type=\"widget\" data-widget_type=\"heading.default\">\n\t\t\t\t<div class=\"elementor-widget-container\">\n\t\t\t\t\t<h2 class=\"elementor-heading-title elementor-size-default\">NOTRE NOUVEAU SITE ARRIVE BIENT\u00d4T !<\/h2>\t\t\t\t<\/div>\n\t\t\t\t<\/div>\n\t\t\t\t<div class=\"elementor-element elementor-element-5dbede0 elementor-widget__width-initial elementor-widget elementor-widget-text-editor\" data-id=\"5dbede0\" data-element_type=\"widget\" data-e-type=\"widget\" data-widget_type=\"text-editor.default\">\n\t\t\t\t<div class=\"elementor-widget-container\">\n\t\t\t\t\t\t\t\t\t<p class=\"font-claude-response-body break-words whitespace-normal leading-[1.7]\" style=\"text-align: center;\">Nous construisons un espace pens\u00e9 pour vous :\u00a0<span style=\"font-family: -apple-system, BlinkMacSystemFont, 'Segoe UI', Roboto, 'Helvetica Neue', Arial, 'Noto Sans', sans-serif, 'Apple Color Emoji', 'Segoe UI Emoji', 'Segoe UI Symbol', 'Noto Color Emoji'; font-size: 1rem;\">une offre restructur\u00e9e<\/span><span style=\"font-family: -apple-system, BlinkMacSystemFont, 'Segoe UI', Roboto, 'Helvetica Neue', Arial, 'Noto Sans', sans-serif, 'Apple Color Emoji', 'Segoe UI Emoji', 'Segoe UI Symbol', 'Noto Color Emoji'; font-size: 1rem;\">, des ressources adapt\u00e9es \u00e0 chaque profil, et des outils pour trouver rapidement la formation qui correspond \u00e0 vos besoins r\u00e9els.<\/span><\/p><p class=\"font-claude-response-body break-words whitespace-normal leading-[1.7]\" style=\"text-align: center;\">En attendant, nous restons joignables et bien pr\u00e9sents !<\/p>\t\t\t\t\t\t\t\t<\/div>\n\t\t\t\t<\/div>\n\t\t\t\t<div class=\"elementor-element elementor-element-b90a2e9 elementor-widget elementor-widget-spacer\" data-id=\"b90a2e9\" data-element_type=\"widget\" data-e-type=\"widget\" data-widget_type=\"spacer.default\">\n\t\t\t\t<div class=\"elementor-widget-container\">\n\t\t\t\t\t\t\t<div class=\"elementor-spacer\">\n\t\t\t<div class=\"elementor-spacer-inner\"><\/div>\n\t\t<\/div>\n\t\t\t\t\t\t<\/div>\n\t\t\t\t<\/div>\n\t\t\t\t\t<\/div>\n\t\t\t\t<\/div>\n\t\t<div class=\"elementor-element elementor-element-7ba5496 e-flex e-con-boxed e-con e-parent\" data-id=\"7ba5496\" data-element_type=\"container\" data-e-type=\"container\">\n\t\t\t\t\t<div class=\"e-con-inner\">\n\t\t\t\t<div class=\"elementor-element elementor-element-2f1b866 elementor-align-center elementor-widget elementor-widget-button\" data-id=\"2f1b866\" data-element_type=\"widget\" data-e-type=\"widget\" data-widget_type=\"button.default\">\n\t\t\t\t<div class=\"elementor-widget-container\">\n\t\t\t\t\t\t\t\t\t<div class=\"elementor-button-wrapper\">\n\t\t\t\t\t<a class=\"elementor-button elementor-button-link elementor-size-sm\" href=\"mailto:contact@maat-formations.com\">\n\t\t\t\t\t\t<span class=\"elementor-button-content-wrapper\">\n\t\t\t\t\t\t<span class=\"elementor-button-icon\">\n\t\t\t\t<svg aria-hidden=\"true\" class=\"e-font-icon-svg e-far-envelope\" viewBox=\"0 0 512 512\" xmlns=\"http:\/\/www.w3.org\/2000\/svg\"><path d=\"M464 64H48C21.49 64 0 85.49 0 112v288c0 26.51 21.49 48 48 48h416c26.51 0 48-21.49 48-48V112c0-26.51-21.49-48-48-48zm0 48v40.805c-22.422 18.259-58.168 46.651-134.587 106.49-16.841 13.247-50.201 45.072-73.413 44.701-23.208.375-56.579-31.459-73.413-44.701C106.18 199.465 70.425 171.067 48 152.805V112h416zM48 400V214.398c22.914 18.251 55.409 43.862 104.938 82.646 21.857 17.205 60.134 55.186 103.062 54.955 42.717.231 80.509-37.199 103.053-54.947 49.528-38.783 82.032-64.401 104.947-82.653V400H48z\"><\/path><\/svg>\t\t\t<\/span>\n\t\t\t\t\t\t\t\t\t<span class=\"elementor-button-text\">CONTACTEZ NOUS<\/span>\n\t\t\t\t\t<\/span>\n\t\t\t\t\t<\/a>\n\t\t\t\t<\/div>\n\t\t\t\t\t\t\t\t<\/div>\n\t\t\t\t<\/div>\n\t\t\t\t<div class=\"elementor-element elementor-element-feb6332 elementor-widget elementor-widget-text-editor\" data-id=\"feb6332\" data-element_type=\"widget\" data-e-type=\"widget\" data-widget_type=\"text-editor.default\">\n\t\t\t\t<div class=\"elementor-widget-container\">\n\t\t\t\t\t\t\t\t\t<h3>Pour tout renseignement, n&rsquo;h\u00e9sitez pas \u00e0 prendre contact: <a href=\"mailto:contact@maat-formations.com\">contact@maat-formations.com<\/a><\/h3>\t\t\t\t\t\t\t\t<\/div>\n\t\t\t\t<\/div>\n\t\t\t\t\t<\/div>\n\t\t\t\t<\/div>\n\t\t\t\t<\/div>\n\t\t","protected":false},"excerpt":{"rendered":"<p>MAAT FORMATIONS SE R\u00c9-INVENTE MAAT Formations est un organisme de formation sp\u00e9cialis\u00e9 dans les m\u00e9tiers de la petite enfance. Nous accompagnons les professionnels, les \u00e9quipes et les structures d&rsquo;accueil dans le d\u00e9veloppement de leurs comp\u00e9tences, en lien direct avec les r\u00e9alit\u00e9s du terrain. Nos formations s&rsquo;adressent aux professionnels de cr\u00e8che et de MAM, aux assistants [&hellip;]<\/p>\n","protected":false},"author":1,"featured_media":824,"parent":0,"menu_order":0,"comment_status":"closed","ping_status":"closed","template":"elementor_canvas","meta":{"footnotes":""},"class_list":["post-820","page","type-page","status-publish","has-post-thumbnail","hentry"],"_links":{"self":[{"href":"https:\/\/www.maat-formations.com\/index.php?rest_route=\/wp\/v2\/pages\/820","targetHints":{"allow":["GET"]}}],"collection":[{"href":"https:\/\/www.maat-formations.com\/index.php?rest_route=\/wp\/v2\/pages"}],"about":[{"href":"https:\/\/www.maat-formations.com\/index.php?rest_route=\/wp\/v2\/types\/page"}],"author":[{"embeddable":true,"href":"https:\/\/www.maat-formations.com\/index.php?rest_route=\/wp\/v2\/users\/1"}],"replies":[{"embeddable":true,"href":"https:\/\/www.maat-formations.com\/index.php?rest_route=%2Fwp%2Fv2%2Fcomments&post=820"}],"version-history":[{"count":82,"href":"https:\/\/www.maat-formations.com\/index.php?rest_route=\/wp\/v2\/pages\/820\/revisions"}],"predecessor-version":[{"id":1249,"href":"https:\/\/www.maat-formations.com\/index.php?rest_route=\/wp\/v2\/pages\/820\/revisions\/1249"}],"wp:featuredmedia":[{"embeddable":true,"href":"https:\/\/www.maat-formations.com\/index.php?rest_route=\/wp\/v2\/media\/824"}],"wp:attachment":[{"href":"https:\/\/www.maat-formations.com\/index.php?rest_route=%2Fwp%2Fv2%2Fmedia&parent=820"}],"curies":[{"name":"wp","href":"https:\/\/api.w.org\/{rel}","templated":true}]}}